{"id":800,"date":"2021-07-15T11:27:37","date_gmt":"2021-07-15T11:27:37","guid":{"rendered":"https:\/\/www.rctkosovo.com\/activities\/mapping-stakeholders-for-social-innovation-and-public-private-partnerships\/"},"modified":"2021-09-24T12:13:58","modified_gmt":"2021-09-24T12:13:58","slug":"mapping-stakeholders-for-social-innovation-and-public-private-partnerships","status":"publish","type":"page","link":"https:\/\/www.rctkosovo.com\/sq\/activities\/mapping-stakeholders-for-social-innovation-and-public-private-partnerships\/","title":{"rendered":"Hartimi i pal\u00ebve t\u00eb interesit p\u00ebr inovacionin social dhe partneritetet publiko-private"},"content":{"rendered":"\n<p>Ekipi i RCT takohet me akter\u00ebt e sektorit publik dhe privat t\u00eb cil\u00eb jan\u00eb t\u00eb gatsh\u00ebm t\u00eb ndihmojn\u00eb n\u00eb promovimin dhe mb\u00ebshtetjen e t\u00eb rinjve dhe grave q\u00eb punojn\u00eb n\u00eb projekte t\u00eb komunitetit n\u00eb shkall\u00eb t\u00eb vog\u00ebl. Gjat\u00eb takimeve, ekipi promovon vler\u00ebn e krijimit t\u00eb mund\u00ebsive socio-ekonomike p\u00ebr grat\u00eb dhe t\u00eb rinjt\u00eb me prejardhje t\u00eb ndryshme etnike dhe p\u00ebrgatit nj\u00eb baz\u00eb t\u00eb dh\u00ebnash t\u00eb partner\u00ebve t\u00eb mundsh\u00ebm t\u00eb cil\u00ebt do t\u00eb jen\u00eb t\u00eb hapur p\u00ebr t\u00eb kapur d\u00ebshir\u00ebn sip\u00ebrmarr\u00ebse t\u00eb komuniteteve t\u00eb margjinalizuara, ta kombinojn\u00eb at\u00eb me nevojat e tyre dhe e transformojn\u00eb at\u00eb n\u00eb novacion shoq\u00ebror. P\u00ebrpjekjet vendos\u00ebn baz\u00ebn p\u00ebr nj\u00eb aktivitet tjet\u00ebr \u2013 Qendra Sociale.<\/p>\n","protected":false},"excerpt":{"rendered":"<p>Ekipi i RCT takohet me akter\u00ebt e sektorit publik dhe privat t\u00eb cil\u00eb jan\u00eb t\u00eb gatsh\u00ebm t\u00eb ndihmojn\u00eb n\u00eb promovimin dhe mb\u00ebshtetjen e t\u00eb rinjve dhe grave q\u00eb punojn\u00eb n\u00eb projekte t\u00eb komunitetit n\u00eb shkall\u00eb t\u00eb vog\u00ebl. Gjat\u00eb takimeve, ekipi promovon vler\u00ebn e krijimit t\u00eb mund\u00ebsive socio-ekonomike p\u00ebr grat\u00eb dhe t\u00eb rinjt\u00eb me prejardhje t\u00eb [&hellip;]<\/p>\n","protected":false},"author":1,"featured_media":0,"parent":215,"menu_order":0,"comment_status":"closed","ping_status":"closed","template":"template-singleactiviti.php","meta":{"_bbp_topic_count":0,"_bbp_reply_count":0,"_bbp_total_topic_count":0,"_bbp_total_reply_count":0,"_bbp_voice_count":0,"_bbp_anonymous_reply_count":0,"_bbp_topic_count_hidden":0,"_bbp_reply_count_hidden":0,"_bbp_forum_subforum_count":0,"_monsterinsights_skip_tracking":false,"_monsterinsights_sitenote_active":false,"_monsterinsights_sitenote_note":"","_monsterinsights_sitenote_category":0,"footnotes":""},"class_list":["post-800","page","type-page","status-publish","hentry"],"acf":[],"yoast_head":"<!-- This site is optimized with the Yoast SEO plugin v20.9 - https:\/\/yoast.com\/wordpress\/plugins\/seo\/ -->\n<title>Hartimi i pal\u00ebve t\u00eb interesit p\u00ebr inovacionin social dhe partneritetet publiko-private - RCT Kosovo<\/title>\n<meta name=\"robots\" content=\"index, follow, max-snippet:-1, max-image-preview:large, max-video-preview:-1\" \/>\n<link rel=\"canonical\" href=\"https:\/\/www.rctkosovo.com\/sq\/activities\/mapping-stakeholders-for-social-innovation-and-public-private-partnerships\/\" \/>\n<meta property=\"og:locale\" content=\"sq_AL\" \/>\n<meta property=\"og:type\" content=\"article\" \/>\n<meta property=\"og:title\" content=\"Hartimi i pal\u00ebve t\u00eb interesit p\u00ebr inovacionin social dhe partneritetet publiko-private - RCT Kosovo\" \/>\n<meta property=\"og:description\" content=\"Ekipi i RCT takohet me akter\u00ebt e sektorit publik dhe privat t\u00eb cil\u00eb jan\u00eb t\u00eb gatsh\u00ebm t\u00eb ndihmojn\u00eb n\u00eb promovimin dhe mb\u00ebshtetjen e t\u00eb rinjve dhe grave q\u00eb punojn\u00eb n\u00eb projekte t\u00eb komunitetit n\u00eb shkall\u00eb t\u00eb vog\u00ebl. Gjat\u00eb takimeve, ekipi promovon vler\u00ebn e krijimit t\u00eb mund\u00ebsive socio-ekonomike p\u00ebr grat\u00eb dhe t\u00eb rinjt\u00eb me prejardhje t\u00eb [&hellip;]\" \/>\n<meta property=\"og:url\" content=\"https:\/\/www.rctkosovo.com\/sq\/activities\/mapping-stakeholders-for-social-innovation-and-public-private-partnerships\/\" \/>\n<meta property=\"og:site_name\" content=\"RCT Kosovo\" \/>\n<meta property=\"article:modified_time\" content=\"2021-09-24T12:13:58+00:00\" \/>\n<meta property=\"og:image\" content=\"https:\/\/www.rctkosovo.com\/wp-content\/uploads\/2021\/12\/viber-image-2021-12-21-15-40-54-153.jpg\" \/>\n\t<meta property=\"og:image:width\" content=\"1600\" \/>\n\t<meta property=\"og:image:height\" content=\"900\" \/>\n\t<meta property=\"og:image:type\" content=\"image\/jpeg\" \/>\n<meta name=\"twitter:card\" content=\"summary_large_image\" \/>\n<meta name=\"twitter:label1\" content=\"Est. reading time\" \/>\n\t<meta name=\"twitter:data1\" content=\"1 minute\" \/>\n<script type=\"application\/ld+json\" class=\"yoast-schema-graph\">{\"@context\":\"https:\/\/schema.org\",\"@graph\":[{\"@type\":\"WebPage\",\"@id\":\"https:\/\/www.rctkosovo.com\/sq\/activities\/mapping-stakeholders-for-social-innovation-and-public-private-partnerships\/\",\"url\":\"https:\/\/www.rctkosovo.com\/sq\/activities\/mapping-stakeholders-for-social-innovation-and-public-private-partnerships\/\",\"name\":\"Hartimi i pal\u00ebve t\u00eb interesit p\u00ebr inovacionin social dhe partneritetet publiko-private - RCT Kosovo\",\"isPartOf\":{\"@id\":\"https:\/\/www.rctkosovo.com\/#website\"},\"datePublished\":\"2021-07-15T11:27:37+00:00\",\"dateModified\":\"2021-09-24T12:13:58+00:00\",\"breadcrumb\":{\"@id\":\"https:\/\/www.rctkosovo.com\/sq\/activities\/mapping-stakeholders-for-social-innovation-and-public-private-partnerships\/#breadcrumb\"},\"inLanguage\":\"sq-AL\",\"potentialAction\":[{\"@type\":\"ReadAction\",\"target\":[\"https:\/\/www.rctkosovo.com\/sq\/activities\/mapping-stakeholders-for-social-innovation-and-public-private-partnerships\/\"]}]},{\"@type\":\"BreadcrumbList\",\"@id\":\"https:\/\/www.rctkosovo.com\/sq\/activities\/mapping-stakeholders-for-social-innovation-and-public-private-partnerships\/#breadcrumb\",\"itemListElement\":[{\"@type\":\"ListItem\",\"position\":1,\"name\":\"Home\",\"item\":\"https:\/\/www.rctkosovo.com\/sq\/\"},{\"@type\":\"ListItem\",\"position\":2,\"name\":\"Aktivitetet\",\"item\":\"https:\/\/www.rctkosovo.com\/sq\/activities\/\"},{\"@type\":\"ListItem\",\"position\":3,\"name\":\"Hartimi i pal\u00ebve t\u00eb interesit p\u00ebr inovacionin social dhe partneritetet publiko-private\"}]},{\"@type\":\"WebSite\",\"@id\":\"https:\/\/www.rctkosovo.com\/#website\",\"url\":\"https:\/\/www.rctkosovo.com\/\",\"name\":\"RCT Kosovo\",\"description\":\"\",\"potentialAction\":[{\"@type\":\"SearchAction\",\"target\":{\"@type\":\"EntryPoint\",\"urlTemplate\":\"https:\/\/www.rctkosovo.com\/?s={search_term_string}\"},\"query-input\":\"required name=search_term_string\"}],\"inLanguage\":\"sq-AL\"}]}<\/script>\n<!-- \/ Yoast SEO plugin. -->","yoast_head_json":{"title":"Hartimi i pal\u00ebve t\u00eb interesit p\u00ebr inovacionin social dhe partneritetet publiko-private - RCT Kosovo","robots":{"index":"index","follow":"follow","max-snippet":"max-snippet:-1","max-image-preview":"max-image-preview:large","max-video-preview":"max-video-preview:-1"},"canonical":"https:\/\/www.rctkosovo.com\/sq\/activities\/mapping-stakeholders-for-social-innovation-and-public-private-partnerships\/","og_locale":"sq_AL","og_type":"article","og_title":"Hartimi i pal\u00ebve t\u00eb interesit p\u00ebr inovacionin social dhe partneritetet publiko-private - RCT Kosovo","og_description":"Ekipi i RCT takohet me akter\u00ebt e sektorit publik dhe privat t\u00eb cil\u00eb jan\u00eb t\u00eb gatsh\u00ebm t\u00eb ndihmojn\u00eb n\u00eb promovimin dhe mb\u00ebshtetjen e t\u00eb rinjve dhe grave q\u00eb punojn\u00eb n\u00eb projekte t\u00eb komunitetit n\u00eb shkall\u00eb t\u00eb vog\u00ebl. Gjat\u00eb takimeve, ekipi promovon vler\u00ebn e krijimit t\u00eb mund\u00ebsive socio-ekonomike p\u00ebr grat\u00eb dhe t\u00eb rinjt\u00eb me prejardhje t\u00eb [&hellip;]","og_url":"https:\/\/www.rctkosovo.com\/sq\/activities\/mapping-stakeholders-for-social-innovation-and-public-private-partnerships\/","og_site_name":"RCT Kosovo","article_modified_time":"2021-09-24T12:13:58+00:00","og_image":[{"width":1600,"height":900,"url":"https:\/\/www.rctkosovo.com\/wp-content\/uploads\/2021\/12\/viber-image-2021-12-21-15-40-54-153.jpg","type":"image\/jpeg"}],"twitter_card":"summary_large_image","twitter_misc":{"Est. reading time":"1 minute"},"schema":{"@context":"https:\/\/schema.org","@graph":[{"@type":"WebPage","@id":"https:\/\/www.rctkosovo.com\/sq\/activities\/mapping-stakeholders-for-social-innovation-and-public-private-partnerships\/","url":"https:\/\/www.rctkosovo.com\/sq\/activities\/mapping-stakeholders-for-social-innovation-and-public-private-partnerships\/","name":"Hartimi i pal\u00ebve t\u00eb interesit p\u00ebr inovacionin social dhe partneritetet publiko-private - RCT Kosovo","isPartOf":{"@id":"https:\/\/www.rctkosovo.com\/#website"},"datePublished":"2021-07-15T11:27:37+00:00","dateModified":"2021-09-24T12:13:58+00:00","breadcrumb":{"@id":"https:\/\/www.rctkosovo.com\/sq\/activities\/mapping-stakeholders-for-social-innovation-and-public-private-partnerships\/#breadcrumb"},"inLanguage":"sq-AL","potentialAction":[{"@type":"ReadAction","target":["https:\/\/www.rctkosovo.com\/sq\/activities\/mapping-stakeholders-for-social-innovation-and-public-private-partnerships\/"]}]},{"@type":"BreadcrumbList","@id":"https:\/\/www.rctkosovo.com\/sq\/activities\/mapping-stakeholders-for-social-innovation-and-public-private-partnerships\/#breadcrumb","itemListElement":[{"@type":"ListItem","position":1,"name":"Home","item":"https:\/\/www.rctkosovo.com\/sq\/"},{"@type":"ListItem","position":2,"name":"Aktivitetet","item":"https:\/\/www.rctkosovo.com\/sq\/activities\/"},{"@type":"ListItem","position":3,"name":"Hartimi i pal\u00ebve t\u00eb interesit p\u00ebr inovacionin social dhe partneritetet publiko-private"}]},{"@type":"WebSite","@id":"https:\/\/www.rctkosovo.com\/#website","url":"https:\/\/www.rctkosovo.com\/","name":"RCT Kosovo","description":"","potentialAction":[{"@type":"SearchAction","target":{"@type":"EntryPoint","urlTemplate":"https:\/\/www.rctkosovo.com\/?s={search_term_string}"},"query-input":"required name=search_term_string"}],"inLanguage":"sq-AL"}]}},"_links":{"self":[{"href":"https:\/\/www.rctkosovo.com\/sq\/wp-json\/wp\/v2\/pages\/800","targetHints":{"allow":["GET"]}}],"collection":[{"href":"https:\/\/www.rctkosovo.com\/sq\/wp-json\/wp\/v2\/pages"}],"about":[{"href":"https:\/\/www.rctkosovo.com\/sq\/wp-json\/wp\/v2\/types\/page"}],"author":[{"embeddable":true,"href":"https:\/\/www.rctkosovo.com\/sq\/wp-json\/wp\/v2\/users\/1"}],"replies":[{"embeddable":true,"href":"https:\/\/www.rctkosovo.com\/sq\/wp-json\/wp\/v2\/comments?post=800"}],"version-history":[{"count":3,"href":"https:\/\/www.rctkosovo.com\/sq\/wp-json\/wp\/v2\/pages\/800\/revisions"}],"predecessor-version":[{"id":992,"href":"https:\/\/www.rctkosovo.com\/sq\/wp-json\/wp\/v2\/pages\/800\/revisions\/992"}],"up":[{"embeddable":true,"href":"https:\/\/www.rctkosovo.com\/sq\/wp-json\/wp\/v2\/pages\/215"}],"wp:attachment":[{"href":"https:\/\/www.rctkosovo.com\/sq\/wp-json\/wp\/v2\/media?parent=800"}],"curies":[{"name":"wp","href":"https:\/\/api.w.org\/{rel}","templated":true}]}}