{"id":756,"date":"2021-07-15T11:27:49","date_gmt":"2021-07-15T11:27:49","guid":{"rendered":"https:\/\/www.rctkosovo.com\/activities\/amplifying-reconciliation-messages-through-media\/"},"modified":"2021-09-24T12:11:55","modified_gmt":"2021-09-24T12:11:55","slug":"amplifying-reconciliation-messages-through-media","status":"publish","type":"page","link":"https:\/\/www.rctkosovo.com\/sr\/activities\/amplifying-reconciliation-messages-through-media\/","title":{"rendered":"\u0160irenje poruka o pomirenju putem medija"},"content":{"rendered":"\n<p>Media influence societal trends and we want reconciliation to be in the spotlight. Therefore, RCT seeks to find a meaningful place for the media to amplify our efforts to promote mutual understanding, acceptance, and appreciation. FollMediji uti\u010du na dru\u0161tvene trendove i \u017eelimo da pomirenje bude u centru pa\u017enje. Zbog toga \u0107e RCT tim nastojati da kroz program uklju\u010di i medije kako bi razglasili poruke o naporima koje ula\u017eemo na promovisanje me\u0111usobnog razumevanja, prihvatanja i uva\u017eavanja. Nakon \u0161to smo razvili komunikacijsku strategiju o tome kako slati pozitivne poruke, RCT tim po\u010dinje sa organizacijom radionica za predstavnike medija, perspektivne pripoveda\u010de, novinare ili gra\u0111ane-novinare na dru\u0161tvenim mre\u017eama i \u010dlanove istra\u017eiva\u010dkog centra o tome kako da tu strategiju primene u svom radu. RCT tako\u0111e podr\u017eava polaznike obuka u pripremi i objavljivanju pri\u010da sa pozitivnim porukama o pomirenju.<\/p>\n","protected":false},"excerpt":{"rendered":"<p>Media influence societal trends and we want reconciliation to be in the spotlight. Therefore, RCT seeks to find a meaningful place for the media to amplify our efforts to promote mutual understanding, acceptance, and appreciation. FollMediji uti\u010du na dru\u0161tvene trendove i \u017eelimo da pomirenje bude u centru pa\u017enje. Zbog toga \u0107e RCT tim nastojati da [&hellip;]<\/p>\n","protected":false},"author":1,"featured_media":0,"parent":225,"menu_order":0,"comment_status":"closed","ping_status":"closed","template":"template-singleactiviti.php","meta":{"_bbp_topic_count":0,"_bbp_reply_count":0,"_bbp_total_topic_count":0,"_bbp_total_reply_count":0,"_bbp_voice_count":0,"_bbp_anonymous_reply_count":0,"_bbp_topic_count_hidden":0,"_bbp_reply_count_hidden":0,"_bbp_forum_subforum_count":0,"_monsterinsights_skip_tracking":false,"_monsterinsights_sitenote_active":false,"_monsterinsights_sitenote_note":"","_monsterinsights_sitenote_category":0,"footnotes":""},"class_list":["post-756","page","type-page","status-publish","hentry"],"acf":[],"yoast_head":"<!-- This site is optimized with the Yoast SEO plugin v20.9 - https:\/\/yoast.com\/wordpress\/plugins\/seo\/ -->\n<title>\u0160irenje poruka o pomirenju putem medija - RCT Kosovo<\/title>\n<meta name=\"robots\" content=\"index, follow, max-snippet:-1, max-image-preview:large, max-video-preview:-1\" \/>\n<link rel=\"canonical\" href=\"https:\/\/www.rctkosovo.com\/sr\/activities\/amplifying-reconciliation-messages-through-media\/\" \/>\n<meta property=\"og:locale\" content=\"sr_RS\" \/>\n<meta property=\"og:type\" content=\"article\" \/>\n<meta property=\"og:title\" content=\"\u0160irenje poruka o pomirenju putem medija - RCT Kosovo\" \/>\n<meta property=\"og:description\" content=\"Media influence societal trends and we want reconciliation to be in the spotlight. Therefore, RCT seeks to find a meaningful place for the media to amplify our efforts to promote mutual understanding, acceptance, and appreciation. FollMediji uti\u010du na dru\u0161tvene trendove i \u017eelimo da pomirenje bude u centru pa\u017enje. Zbog toga \u0107e RCT tim nastojati da [&hellip;]\" \/>\n<meta property=\"og:url\" content=\"https:\/\/www.rctkosovo.com\/sr\/activities\/amplifying-reconciliation-messages-through-media\/\" \/>\n<meta property=\"og:site_name\" content=\"RCT Kosovo\" \/>\n<meta property=\"article:modified_time\" content=\"2021-09-24T12:11:55+00:00\" \/>\n<meta property=\"og:image\" content=\"https:\/\/www.rctkosovo.com\/wp-content\/uploads\/2021\/12\/viber-image-2021-12-21-15-40-54-153.jpg\" \/>\n\t<meta property=\"og:image:width\" content=\"1600\" \/>\n\t<meta property=\"og:image:height\" content=\"900\" \/>\n\t<meta property=\"og:image:type\" content=\"image\/jpeg\" \/>\n<meta name=\"twitter:card\" content=\"summary_large_image\" \/>\n<meta name=\"twitter:label1\" content=\"\u041f\u0440\u043e\u0446\u0435\u045a\u0435\u043d\u043e \u0432\u0440\u0435\u043c\u0435 \u0447\u0438\u0442\u0430\u045a\u0430\" \/>\n\t<meta name=\"twitter:data1\" content=\"1 \u043c\u0438\u043d\u0443\u0442\" \/>\n<script type=\"application\/ld+json\" class=\"yoast-schema-graph\">{\"@context\":\"https:\/\/schema.org\",\"@graph\":[{\"@type\":\"WebPage\",\"@id\":\"https:\/\/www.rctkosovo.com\/sr\/activities\/amplifying-reconciliation-messages-through-media\/\",\"url\":\"https:\/\/www.rctkosovo.com\/sr\/activities\/amplifying-reconciliation-messages-through-media\/\",\"name\":\"\u0160irenje poruka o pomirenju putem medija - RCT Kosovo\",\"isPartOf\":{\"@id\":\"https:\/\/www.rctkosovo.com\/#website\"},\"datePublished\":\"2021-07-15T11:27:49+00:00\",\"dateModified\":\"2021-09-24T12:11:55+00:00\",\"breadcrumb\":{\"@id\":\"https:\/\/www.rctkosovo.com\/sr\/activities\/amplifying-reconciliation-messages-through-media\/#breadcrumb\"},\"inLanguage\":\"sr-RS\",\"potentialAction\":[{\"@type\":\"ReadAction\",\"target\":[\"https:\/\/www.rctkosovo.com\/sr\/activities\/amplifying-reconciliation-messages-through-media\/\"]}]},{\"@type\":\"BreadcrumbList\",\"@id\":\"https:\/\/www.rctkosovo.com\/sr\/activities\/amplifying-reconciliation-messages-through-media\/#breadcrumb\",\"itemListElement\":[{\"@type\":\"ListItem\",\"position\":1,\"name\":\"Home\",\"item\":\"https:\/\/www.rctkosovo.com\/sr\/\"},{\"@type\":\"ListItem\",\"position\":2,\"name\":\"Aktivnosti\",\"item\":\"https:\/\/www.rctkosovo.com\/sr\/activities\/\"},{\"@type\":\"ListItem\",\"position\":3,\"name\":\"\u0160irenje poruka o pomirenju putem medija\"}]},{\"@type\":\"WebSite\",\"@id\":\"https:\/\/www.rctkosovo.com\/#website\",\"url\":\"https:\/\/www.rctkosovo.com\/\",\"name\":\"RCT Kosovo\",\"description\":\"\",\"potentialAction\":[{\"@type\":\"SearchAction\",\"target\":{\"@type\":\"EntryPoint\",\"urlTemplate\":\"https:\/\/www.rctkosovo.com\/?s={search_term_string}\"},\"query-input\":\"required name=search_term_string\"}],\"inLanguage\":\"sr-RS\"}]}<\/script>\n<!-- \/ Yoast SEO plugin. -->","yoast_head_json":{"title":"\u0160irenje poruka o pomirenju putem medija - RCT Kosovo","robots":{"index":"index","follow":"follow","max-snippet":"max-snippet:-1","max-image-preview":"max-image-preview:large","max-video-preview":"max-video-preview:-1"},"canonical":"https:\/\/www.rctkosovo.com\/sr\/activities\/amplifying-reconciliation-messages-through-media\/","og_locale":"sr_RS","og_type":"article","og_title":"\u0160irenje poruka o pomirenju putem medija - RCT Kosovo","og_description":"Media influence societal trends and we want reconciliation to be in the spotlight. Therefore, RCT seeks to find a meaningful place for the media to amplify our efforts to promote mutual understanding, acceptance, and appreciation. FollMediji uti\u010du na dru\u0161tvene trendove i \u017eelimo da pomirenje bude u centru pa\u017enje. Zbog toga \u0107e RCT tim nastojati da [&hellip;]","og_url":"https:\/\/www.rctkosovo.com\/sr\/activities\/amplifying-reconciliation-messages-through-media\/","og_site_name":"RCT Kosovo","article_modified_time":"2021-09-24T12:11:55+00:00","og_image":[{"width":1600,"height":900,"url":"https:\/\/www.rctkosovo.com\/wp-content\/uploads\/2021\/12\/viber-image-2021-12-21-15-40-54-153.jpg","type":"image\/jpeg"}],"twitter_card":"summary_large_image","twitter_misc":{"\u041f\u0440\u043e\u0446\u0435\u045a\u0435\u043d\u043e \u0432\u0440\u0435\u043c\u0435 \u0447\u0438\u0442\u0430\u045a\u0430":"1 \u043c\u0438\u043d\u0443\u0442"},"schema":{"@context":"https:\/\/schema.org","@graph":[{"@type":"WebPage","@id":"https:\/\/www.rctkosovo.com\/sr\/activities\/amplifying-reconciliation-messages-through-media\/","url":"https:\/\/www.rctkosovo.com\/sr\/activities\/amplifying-reconciliation-messages-through-media\/","name":"\u0160irenje poruka o pomirenju putem medija - RCT Kosovo","isPartOf":{"@id":"https:\/\/www.rctkosovo.com\/#website"},"datePublished":"2021-07-15T11:27:49+00:00","dateModified":"2021-09-24T12:11:55+00:00","breadcrumb":{"@id":"https:\/\/www.rctkosovo.com\/sr\/activities\/amplifying-reconciliation-messages-through-media\/#breadcrumb"},"inLanguage":"sr-RS","potentialAction":[{"@type":"ReadAction","target":["https:\/\/www.rctkosovo.com\/sr\/activities\/amplifying-reconciliation-messages-through-media\/"]}]},{"@type":"BreadcrumbList","@id":"https:\/\/www.rctkosovo.com\/sr\/activities\/amplifying-reconciliation-messages-through-media\/#breadcrumb","itemListElement":[{"@type":"ListItem","position":1,"name":"Home","item":"https:\/\/www.rctkosovo.com\/sr\/"},{"@type":"ListItem","position":2,"name":"Aktivnosti","item":"https:\/\/www.rctkosovo.com\/sr\/activities\/"},{"@type":"ListItem","position":3,"name":"\u0160irenje poruka o pomirenju putem medija"}]},{"@type":"WebSite","@id":"https:\/\/www.rctkosovo.com\/#website","url":"https:\/\/www.rctkosovo.com\/","name":"RCT Kosovo","description":"","potentialAction":[{"@type":"SearchAction","target":{"@type":"EntryPoint","urlTemplate":"https:\/\/www.rctkosovo.com\/?s={search_term_string}"},"query-input":"required name=search_term_string"}],"inLanguage":"sr-RS"}]}},"_links":{"self":[{"href":"https:\/\/www.rctkosovo.com\/sr\/wp-json\/wp\/v2\/pages\/756","targetHints":{"allow":["GET"]}}],"collection":[{"href":"https:\/\/www.rctkosovo.com\/sr\/wp-json\/wp\/v2\/pages"}],"about":[{"href":"https:\/\/www.rctkosovo.com\/sr\/wp-json\/wp\/v2\/types\/page"}],"author":[{"embeddable":true,"href":"https:\/\/www.rctkosovo.com\/sr\/wp-json\/wp\/v2\/users\/1"}],"replies":[{"embeddable":true,"href":"https:\/\/www.rctkosovo.com\/sr\/wp-json\/wp\/v2\/comments?post=756"}],"version-history":[{"count":4,"href":"https:\/\/www.rctkosovo.com\/sr\/wp-json\/wp\/v2\/pages\/756\/revisions"}],"predecessor-version":[{"id":987,"href":"https:\/\/www.rctkosovo.com\/sr\/wp-json\/wp\/v2\/pages\/756\/revisions\/987"}],"up":[{"embeddable":true,"href":"https:\/\/www.rctkosovo.com\/sr\/wp-json\/wp\/v2\/pages\/225"}],"wp:attachment":[{"href":"https:\/\/www.rctkosovo.com\/sr\/wp-json\/wp\/v2\/media?parent=756"}],"curies":[{"name":"wp","href":"https:\/\/api.w.org\/{rel}","templated":true}]}}