{"id":758,"date":"2021-07-15T11:27:37","date_gmt":"2021-07-15T11:27:37","guid":{"rendered":"https:\/\/www.rctkosovo.com\/activities\/mapping-stakeholders-for-social-innovation-and-public-private-partnerships\/"},"modified":"2021-09-24T12:12:21","modified_gmt":"2021-09-24T12:12:21","slug":"mapping-stakeholders-for-social-innovation-and-public-private-partnerships","status":"publish","type":"page","link":"https:\/\/www.rctkosovo.com\/sr\/activities\/mapping-stakeholders-for-social-innovation-and-public-private-partnerships\/","title":{"rendered":"Stvaranje registra aktera va\u017enih za pospe\u0161ivanje dru\u0161tvenih inovacija i javno-privatnih partnerstava"},"content":{"rendered":"\n<p>RCT tim se sastaje sa akterima u javnom i privatnom sektoru koji bi mogli biti voljni da pomognu u promociji i podr\u0161ci mladima i \u017eenama koji \u017eele da rade na malim projektima koji doprinose zajednici. RCT tim cna sastancima promovi\u0161e vrednost stvaranja dru\u0161tveno-ekonomskih mogu\u0107nosti za \u017eene i mlade iz razli\u010ditih etni\u010dkih grupa i istovremeno priprema bazu podataka o mogu\u0107im partnerima koji su zainteresovani za preduzetni\u010dki potencijal marginalizovanih zajednica koji bi, zajedno sa re\u0161enjima za neke od potreba te zajednice, mogao biti transformisan u dru\u0161tvenu inovaciju. Informacije koje prikupljamo \u0107e tako\u0111e slu\u017eiti kao osnova za aktivnost Generatora za dru\u0161tvene inovacije (Social Hub).<\/p>\n","protected":false},"excerpt":{"rendered":"<p>RCT tim se sastaje sa akterima u javnom i privatnom sektoru koji bi mogli biti voljni da pomognu u promociji i podr\u0161ci mladima i \u017eenama koji \u017eele da rade na malim projektima koji doprinose zajednici. RCT tim cna sastancima promovi\u0161e vrednost stvaranja dru\u0161tveno-ekonomskih mogu\u0107nosti za \u017eene i mlade iz razli\u010ditih etni\u010dkih grupa i istovremeno priprema [&hellip;]<\/p>\n","protected":false},"author":1,"featured_media":0,"parent":225,"menu_order":0,"comment_status":"closed","ping_status":"closed","template":"template-singleactiviti.php","meta":{"_bbp_topic_count":0,"_bbp_reply_count":0,"_bbp_total_topic_count":0,"_bbp_total_reply_count":0,"_bbp_voice_count":0,"_bbp_anonymous_reply_count":0,"_bbp_topic_count_hidden":0,"_bbp_reply_count_hidden":0,"_bbp_forum_subforum_count":0,"_monsterinsights_skip_tracking":false,"_monsterinsights_sitenote_active":false,"_monsterinsights_sitenote_note":"","_monsterinsights_sitenote_category":0,"footnotes":""},"class_list":["post-758","page","type-page","status-publish","hentry"],"acf":[],"yoast_head":"<!-- This site is optimized with the Yoast SEO plugin v20.9 - https:\/\/yoast.com\/wordpress\/plugins\/seo\/ -->\n<title>Stvaranje registra aktera va\u017enih za pospe\u0161ivanje dru\u0161tvenih inovacija i javno-privatnih partnerstava - RCT Kosovo<\/title>\n<meta name=\"robots\" content=\"index, follow, max-snippet:-1, max-image-preview:large, max-video-preview:-1\" \/>\n<link rel=\"canonical\" href=\"https:\/\/www.rctkosovo.com\/sr\/activities\/mapping-stakeholders-for-social-innovation-and-public-private-partnerships\/\" \/>\n<meta property=\"og:locale\" content=\"sr_RS\" \/>\n<meta property=\"og:type\" content=\"article\" \/>\n<meta property=\"og:title\" content=\"Stvaranje registra aktera va\u017enih za pospe\u0161ivanje dru\u0161tvenih inovacija i javno-privatnih partnerstava - RCT Kosovo\" \/>\n<meta property=\"og:description\" content=\"RCT tim se sastaje sa akterima u javnom i privatnom sektoru koji bi mogli biti voljni da pomognu u promociji i podr\u0161ci mladima i \u017eenama koji \u017eele da rade na malim projektima koji doprinose zajednici. RCT tim cna sastancima promovi\u0161e vrednost stvaranja dru\u0161tveno-ekonomskih mogu\u0107nosti za \u017eene i mlade iz razli\u010ditih etni\u010dkih grupa i istovremeno priprema [&hellip;]\" \/>\n<meta property=\"og:url\" content=\"https:\/\/www.rctkosovo.com\/sr\/activities\/mapping-stakeholders-for-social-innovation-and-public-private-partnerships\/\" \/>\n<meta property=\"og:site_name\" content=\"RCT Kosovo\" \/>\n<meta property=\"article:modified_time\" content=\"2021-09-24T12:12:21+00:00\" \/>\n<meta property=\"og:image\" content=\"https:\/\/www.rctkosovo.com\/wp-content\/uploads\/2021\/12\/viber-image-2021-12-21-15-40-54-153.jpg\" \/>\n\t<meta property=\"og:image:width\" content=\"1600\" \/>\n\t<meta property=\"og:image:height\" content=\"900\" \/>\n\t<meta property=\"og:image:type\" content=\"image\/jpeg\" \/>\n<meta name=\"twitter:card\" content=\"summary_large_image\" \/>\n<meta name=\"twitter:label1\" content=\"\u041f\u0440\u043e\u0446\u0435\u045a\u0435\u043d\u043e \u0432\u0440\u0435\u043c\u0435 \u0447\u0438\u0442\u0430\u045a\u0430\" \/>\n\t<meta name=\"twitter:data1\" content=\"1 \u043c\u0438\u043d\u0443\u0442\" \/>\n<script type=\"application\/ld+json\" class=\"yoast-schema-graph\">{\"@context\":\"https:\/\/schema.org\",\"@graph\":[{\"@type\":\"WebPage\",\"@id\":\"https:\/\/www.rctkosovo.com\/sr\/activities\/mapping-stakeholders-for-social-innovation-and-public-private-partnerships\/\",\"url\":\"https:\/\/www.rctkosovo.com\/sr\/activities\/mapping-stakeholders-for-social-innovation-and-public-private-partnerships\/\",\"name\":\"Stvaranje registra aktera va\u017enih za pospe\u0161ivanje dru\u0161tvenih inovacija i javno-privatnih partnerstava - RCT Kosovo\",\"isPartOf\":{\"@id\":\"https:\/\/www.rctkosovo.com\/#website\"},\"datePublished\":\"2021-07-15T11:27:37+00:00\",\"dateModified\":\"2021-09-24T12:12:21+00:00\",\"breadcrumb\":{\"@id\":\"https:\/\/www.rctkosovo.com\/sr\/activities\/mapping-stakeholders-for-social-innovation-and-public-private-partnerships\/#breadcrumb\"},\"inLanguage\":\"sr-RS\",\"potentialAction\":[{\"@type\":\"ReadAction\",\"target\":[\"https:\/\/www.rctkosovo.com\/sr\/activities\/mapping-stakeholders-for-social-innovation-and-public-private-partnerships\/\"]}]},{\"@type\":\"BreadcrumbList\",\"@id\":\"https:\/\/www.rctkosovo.com\/sr\/activities\/mapping-stakeholders-for-social-innovation-and-public-private-partnerships\/#breadcrumb\",\"itemListElement\":[{\"@type\":\"ListItem\",\"position\":1,\"name\":\"Home\",\"item\":\"https:\/\/www.rctkosovo.com\/sr\/\"},{\"@type\":\"ListItem\",\"position\":2,\"name\":\"Aktivnosti\",\"item\":\"https:\/\/www.rctkosovo.com\/sr\/activities\/\"},{\"@type\":\"ListItem\",\"position\":3,\"name\":\"Stvaranje registra aktera va\u017enih za pospe\u0161ivanje dru\u0161tvenih inovacija i javno-privatnih partnerstava\"}]},{\"@type\":\"WebSite\",\"@id\":\"https:\/\/www.rctkosovo.com\/#website\",\"url\":\"https:\/\/www.rctkosovo.com\/\",\"name\":\"RCT Kosovo\",\"description\":\"\",\"potentialAction\":[{\"@type\":\"SearchAction\",\"target\":{\"@type\":\"EntryPoint\",\"urlTemplate\":\"https:\/\/www.rctkosovo.com\/?s={search_term_string}\"},\"query-input\":\"required name=search_term_string\"}],\"inLanguage\":\"sr-RS\"}]}<\/script>\n<!-- \/ Yoast SEO plugin. -->","yoast_head_json":{"title":"Stvaranje registra aktera va\u017enih za pospe\u0161ivanje dru\u0161tvenih inovacija i javno-privatnih partnerstava - RCT Kosovo","robots":{"index":"index","follow":"follow","max-snippet":"max-snippet:-1","max-image-preview":"max-image-preview:large","max-video-preview":"max-video-preview:-1"},"canonical":"https:\/\/www.rctkosovo.com\/sr\/activities\/mapping-stakeholders-for-social-innovation-and-public-private-partnerships\/","og_locale":"sr_RS","og_type":"article","og_title":"Stvaranje registra aktera va\u017enih za pospe\u0161ivanje dru\u0161tvenih inovacija i javno-privatnih partnerstava - RCT Kosovo","og_description":"RCT tim se sastaje sa akterima u javnom i privatnom sektoru koji bi mogli biti voljni da pomognu u promociji i podr\u0161ci mladima i \u017eenama koji \u017eele da rade na malim projektima koji doprinose zajednici. RCT tim cna sastancima promovi\u0161e vrednost stvaranja dru\u0161tveno-ekonomskih mogu\u0107nosti za \u017eene i mlade iz razli\u010ditih etni\u010dkih grupa i istovremeno priprema [&hellip;]","og_url":"https:\/\/www.rctkosovo.com\/sr\/activities\/mapping-stakeholders-for-social-innovation-and-public-private-partnerships\/","og_site_name":"RCT Kosovo","article_modified_time":"2021-09-24T12:12:21+00:00","og_image":[{"width":1600,"height":900,"url":"https:\/\/www.rctkosovo.com\/wp-content\/uploads\/2021\/12\/viber-image-2021-12-21-15-40-54-153.jpg","type":"image\/jpeg"}],"twitter_card":"summary_large_image","twitter_misc":{"\u041f\u0440\u043e\u0446\u0435\u045a\u0435\u043d\u043e \u0432\u0440\u0435\u043c\u0435 \u0447\u0438\u0442\u0430\u045a\u0430":"1 \u043c\u0438\u043d\u0443\u0442"},"schema":{"@context":"https:\/\/schema.org","@graph":[{"@type":"WebPage","@id":"https:\/\/www.rctkosovo.com\/sr\/activities\/mapping-stakeholders-for-social-innovation-and-public-private-partnerships\/","url":"https:\/\/www.rctkosovo.com\/sr\/activities\/mapping-stakeholders-for-social-innovation-and-public-private-partnerships\/","name":"Stvaranje registra aktera va\u017enih za pospe\u0161ivanje dru\u0161tvenih inovacija i javno-privatnih partnerstava - RCT Kosovo","isPartOf":{"@id":"https:\/\/www.rctkosovo.com\/#website"},"datePublished":"2021-07-15T11:27:37+00:00","dateModified":"2021-09-24T12:12:21+00:00","breadcrumb":{"@id":"https:\/\/www.rctkosovo.com\/sr\/activities\/mapping-stakeholders-for-social-innovation-and-public-private-partnerships\/#breadcrumb"},"inLanguage":"sr-RS","potentialAction":[{"@type":"ReadAction","target":["https:\/\/www.rctkosovo.com\/sr\/activities\/mapping-stakeholders-for-social-innovation-and-public-private-partnerships\/"]}]},{"@type":"BreadcrumbList","@id":"https:\/\/www.rctkosovo.com\/sr\/activities\/mapping-stakeholders-for-social-innovation-and-public-private-partnerships\/#breadcrumb","itemListElement":[{"@type":"ListItem","position":1,"name":"Home","item":"https:\/\/www.rctkosovo.com\/sr\/"},{"@type":"ListItem","position":2,"name":"Aktivnosti","item":"https:\/\/www.rctkosovo.com\/sr\/activities\/"},{"@type":"ListItem","position":3,"name":"Stvaranje registra aktera va\u017enih za pospe\u0161ivanje dru\u0161tvenih inovacija i javno-privatnih partnerstava"}]},{"@type":"WebSite","@id":"https:\/\/www.rctkosovo.com\/#website","url":"https:\/\/www.rctkosovo.com\/","name":"RCT Kosovo","description":"","potentialAction":[{"@type":"SearchAction","target":{"@type":"EntryPoint","urlTemplate":"https:\/\/www.rctkosovo.com\/?s={search_term_string}"},"query-input":"required name=search_term_string"}],"inLanguage":"sr-RS"}]}},"_links":{"self":[{"href":"https:\/\/www.rctkosovo.com\/sr\/wp-json\/wp\/v2\/pages\/758","targetHints":{"allow":["GET"]}}],"collection":[{"href":"https:\/\/www.rctkosovo.com\/sr\/wp-json\/wp\/v2\/pages"}],"about":[{"href":"https:\/\/www.rctkosovo.com\/sr\/wp-json\/wp\/v2\/types\/page"}],"author":[{"embeddable":true,"href":"https:\/\/www.rctkosovo.com\/sr\/wp-json\/wp\/v2\/users\/1"}],"replies":[{"embeddable":true,"href":"https:\/\/www.rctkosovo.com\/sr\/wp-json\/wp\/v2\/comments?post=758"}],"version-history":[{"count":4,"href":"https:\/\/www.rctkosovo.com\/sr\/wp-json\/wp\/v2\/pages\/758\/revisions"}],"predecessor-version":[{"id":988,"href":"https:\/\/www.rctkosovo.com\/sr\/wp-json\/wp\/v2\/pages\/758\/revisions\/988"}],"up":[{"embeddable":true,"href":"https:\/\/www.rctkosovo.com\/sr\/wp-json\/wp\/v2\/pages\/225"}],"wp:attachment":[{"href":"https:\/\/www.rctkosovo.com\/sr\/wp-json\/wp\/v2\/media?parent=758"}],"curies":[{"name":"wp","href":"https:\/\/api.w.org\/{rel}","templated":true}]}}