{"id":772,"date":"2021-07-14T20:58:30","date_gmt":"2021-07-14T20:58:30","guid":{"rendered":"https:\/\/www.rctkosovo.com\/activities\/cohesion-circles-to-renew-trust\/"},"modified":"2021-12-03T14:24:03","modified_gmt":"2021-12-03T14:24:03","slug":"cohesion-circles-to-renew-trust","status":"publish","type":"page","link":"https:\/\/www.rctkosovo.com\/sr\/activities\/cohesion-circles-to-renew-trust\/","title":{"rendered":"Grupa gra\u0111ana za obnavljanje poverenja"},"content":{"rendered":"\n<p>Partneri koji sprovode RCT suuspostavili neformalnu grupu gra\u0111ana, predstavnika lokalnih organizacija civilnog dru\u0161tva i zajednica iz op\u0161tina u regionu koji dele zajedni\u010dku viziju su\u017eivota i pomirenja. Oni su na\u0161i savetodavci u pripremi aktivnosti u lokalnim zajednicama, poput festivala kafe, obele\u017eavanja Dana planete Zemlje i mnogih drugih.<\/p>\n\n\n\n<p>Neformalna grupa gra\u0111ana okupljena je na samom po\u010detku programa i nazvana&nbsp;<em>Cohesion circle<\/em>. Njeni \u010dlanovi su predstavnici razli\u010ditih etni\u010dkih grupa koji su istaknuti u svojim lokalnim zajednicama i mogu da promovi\u0161u program i govore o zajedni\u010dkim naporima koje ula\u017eemo kako bismo potpomogli pomirenje.<\/p>\n\n\n\n<p><\/p>\n","protected":false},"excerpt":{"rendered":"<p>Partneri koji sprovode RCT suuspostavili neformalnu grupu gra\u0111ana, predstavnika lokalnih organizacija civilnog dru\u0161tva i zajednica iz op\u0161tina u regionu koji dele zajedni\u010dku viziju su\u017eivota i pomirenja. Oni su na\u0161i savetodavci u pripremi aktivnosti u lokalnim zajednicama, poput festivala kafe, obele\u017eavanja Dana planete Zemlje i mnogih drugih. Neformalna grupa gra\u0111ana okupljena je na samom po\u010detku programa [&hellip;]<\/p>\n","protected":false},"author":1,"featured_media":0,"parent":225,"menu_order":0,"comment_status":"closed","ping_status":"closed","template":"template-singleactiviti.php","meta":{"_bbp_topic_count":0,"_bbp_reply_count":0,"_bbp_total_topic_count":0,"_bbp_total_reply_count":0,"_bbp_voice_count":0,"_bbp_anonymous_reply_count":0,"_bbp_topic_count_hidden":0,"_bbp_reply_count_hidden":0,"_bbp_forum_subforum_count":0,"_monsterinsights_skip_tracking":false,"_monsterinsights_sitenote_active":false,"_monsterinsights_sitenote_note":"","_monsterinsights_sitenote_category":0,"footnotes":""},"class_list":["post-772","page","type-page","status-publish","hentry"],"acf":[],"yoast_head":"<!-- This site is optimized with the Yoast SEO plugin v20.9 - https:\/\/yoast.com\/wordpress\/plugins\/seo\/ -->\n<title>Grupa gra\u0111ana za obnavljanje poverenja - RCT Kosovo<\/title>\n<meta name=\"robots\" content=\"index, follow, max-snippet:-1, max-image-preview:large, max-video-preview:-1\" \/>\n<link rel=\"canonical\" href=\"https:\/\/www.rctkosovo.com\/sr\/activities\/cohesion-circles-to-renew-trust\/\" \/>\n<meta property=\"og:locale\" content=\"sr_RS\" \/>\n<meta property=\"og:type\" content=\"article\" \/>\n<meta property=\"og:title\" content=\"Grupa gra\u0111ana za obnavljanje poverenja - RCT Kosovo\" \/>\n<meta property=\"og:description\" content=\"Partneri koji sprovode RCT suuspostavili neformalnu grupu gra\u0111ana, predstavnika lokalnih organizacija civilnog dru\u0161tva i zajednica iz op\u0161tina u regionu koji dele zajedni\u010dku viziju su\u017eivota i pomirenja. Oni su na\u0161i savetodavci u pripremi aktivnosti u lokalnim zajednicama, poput festivala kafe, obele\u017eavanja Dana planete Zemlje i mnogih drugih. Neformalna grupa gra\u0111ana okupljena je na samom po\u010detku programa [&hellip;]\" \/>\n<meta property=\"og:url\" content=\"https:\/\/www.rctkosovo.com\/sr\/activities\/cohesion-circles-to-renew-trust\/\" \/>\n<meta property=\"og:site_name\" content=\"RCT Kosovo\" \/>\n<meta property=\"article:modified_time\" content=\"2021-12-03T14:24:03+00:00\" \/>\n<meta property=\"og:image\" content=\"https:\/\/www.rctkosovo.com\/wp-content\/uploads\/2021\/12\/viber-image-2021-12-21-15-40-54-153.jpg\" \/>\n\t<meta property=\"og:image:width\" content=\"1600\" \/>\n\t<meta property=\"og:image:height\" content=\"900\" \/>\n\t<meta property=\"og:image:type\" content=\"image\/jpeg\" \/>\n<meta name=\"twitter:card\" content=\"summary_large_image\" \/>\n<meta name=\"twitter:label1\" content=\"\u041f\u0440\u043e\u0446\u0435\u045a\u0435\u043d\u043e \u0432\u0440\u0435\u043c\u0435 \u0447\u0438\u0442\u0430\u045a\u0430\" \/>\n\t<meta name=\"twitter:data1\" content=\"1 \u043c\u0438\u043d\u0443\u0442\" \/>\n<script type=\"application\/ld+json\" class=\"yoast-schema-graph\">{\"@context\":\"https:\/\/schema.org\",\"@graph\":[{\"@type\":\"WebPage\",\"@id\":\"https:\/\/www.rctkosovo.com\/sr\/activities\/cohesion-circles-to-renew-trust\/\",\"url\":\"https:\/\/www.rctkosovo.com\/sr\/activities\/cohesion-circles-to-renew-trust\/\",\"name\":\"Grupa gra\u0111ana za obnavljanje poverenja - RCT Kosovo\",\"isPartOf\":{\"@id\":\"https:\/\/www.rctkosovo.com\/#website\"},\"datePublished\":\"2021-07-14T20:58:30+00:00\",\"dateModified\":\"2021-12-03T14:24:03+00:00\",\"breadcrumb\":{\"@id\":\"https:\/\/www.rctkosovo.com\/sr\/activities\/cohesion-circles-to-renew-trust\/#breadcrumb\"},\"inLanguage\":\"sr-RS\",\"potentialAction\":[{\"@type\":\"ReadAction\",\"target\":[\"https:\/\/www.rctkosovo.com\/sr\/activities\/cohesion-circles-to-renew-trust\/\"]}]},{\"@type\":\"BreadcrumbList\",\"@id\":\"https:\/\/www.rctkosovo.com\/sr\/activities\/cohesion-circles-to-renew-trust\/#breadcrumb\",\"itemListElement\":[{\"@type\":\"ListItem\",\"position\":1,\"name\":\"Home\",\"item\":\"https:\/\/www.rctkosovo.com\/sr\/\"},{\"@type\":\"ListItem\",\"position\":2,\"name\":\"Aktivnosti\",\"item\":\"https:\/\/www.rctkosovo.com\/sr\/activities\/\"},{\"@type\":\"ListItem\",\"position\":3,\"name\":\"Grupa gra\u0111ana za obnavljanje poverenja\"}]},{\"@type\":\"WebSite\",\"@id\":\"https:\/\/www.rctkosovo.com\/#website\",\"url\":\"https:\/\/www.rctkosovo.com\/\",\"name\":\"RCT Kosovo\",\"description\":\"\",\"potentialAction\":[{\"@type\":\"SearchAction\",\"target\":{\"@type\":\"EntryPoint\",\"urlTemplate\":\"https:\/\/www.rctkosovo.com\/?s={search_term_string}\"},\"query-input\":\"required name=search_term_string\"}],\"inLanguage\":\"sr-RS\"}]}<\/script>\n<!-- \/ Yoast SEO plugin. -->","yoast_head_json":{"title":"Grupa gra\u0111ana za obnavljanje poverenja - RCT Kosovo","robots":{"index":"index","follow":"follow","max-snippet":"max-snippet:-1","max-image-preview":"max-image-preview:large","max-video-preview":"max-video-preview:-1"},"canonical":"https:\/\/www.rctkosovo.com\/sr\/activities\/cohesion-circles-to-renew-trust\/","og_locale":"sr_RS","og_type":"article","og_title":"Grupa gra\u0111ana za obnavljanje poverenja - RCT Kosovo","og_description":"Partneri koji sprovode RCT suuspostavili neformalnu grupu gra\u0111ana, predstavnika lokalnih organizacija civilnog dru\u0161tva i zajednica iz op\u0161tina u regionu koji dele zajedni\u010dku viziju su\u017eivota i pomirenja. Oni su na\u0161i savetodavci u pripremi aktivnosti u lokalnim zajednicama, poput festivala kafe, obele\u017eavanja Dana planete Zemlje i mnogih drugih. Neformalna grupa gra\u0111ana okupljena je na samom po\u010detku programa [&hellip;]","og_url":"https:\/\/www.rctkosovo.com\/sr\/activities\/cohesion-circles-to-renew-trust\/","og_site_name":"RCT Kosovo","article_modified_time":"2021-12-03T14:24:03+00:00","og_image":[{"width":1600,"height":900,"url":"https:\/\/www.rctkosovo.com\/wp-content\/uploads\/2021\/12\/viber-image-2021-12-21-15-40-54-153.jpg","type":"image\/jpeg"}],"twitter_card":"summary_large_image","twitter_misc":{"\u041f\u0440\u043e\u0446\u0435\u045a\u0435\u043d\u043e \u0432\u0440\u0435\u043c\u0435 \u0447\u0438\u0442\u0430\u045a\u0430":"1 \u043c\u0438\u043d\u0443\u0442"},"schema":{"@context":"https:\/\/schema.org","@graph":[{"@type":"WebPage","@id":"https:\/\/www.rctkosovo.com\/sr\/activities\/cohesion-circles-to-renew-trust\/","url":"https:\/\/www.rctkosovo.com\/sr\/activities\/cohesion-circles-to-renew-trust\/","name":"Grupa gra\u0111ana za obnavljanje poverenja - RCT Kosovo","isPartOf":{"@id":"https:\/\/www.rctkosovo.com\/#website"},"datePublished":"2021-07-14T20:58:30+00:00","dateModified":"2021-12-03T14:24:03+00:00","breadcrumb":{"@id":"https:\/\/www.rctkosovo.com\/sr\/activities\/cohesion-circles-to-renew-trust\/#breadcrumb"},"inLanguage":"sr-RS","potentialAction":[{"@type":"ReadAction","target":["https:\/\/www.rctkosovo.com\/sr\/activities\/cohesion-circles-to-renew-trust\/"]}]},{"@type":"BreadcrumbList","@id":"https:\/\/www.rctkosovo.com\/sr\/activities\/cohesion-circles-to-renew-trust\/#breadcrumb","itemListElement":[{"@type":"ListItem","position":1,"name":"Home","item":"https:\/\/www.rctkosovo.com\/sr\/"},{"@type":"ListItem","position":2,"name":"Aktivnosti","item":"https:\/\/www.rctkosovo.com\/sr\/activities\/"},{"@type":"ListItem","position":3,"name":"Grupa gra\u0111ana za obnavljanje poverenja"}]},{"@type":"WebSite","@id":"https:\/\/www.rctkosovo.com\/#website","url":"https:\/\/www.rctkosovo.com\/","name":"RCT Kosovo","description":"","potentialAction":[{"@type":"SearchAction","target":{"@type":"EntryPoint","urlTemplate":"https:\/\/www.rctkosovo.com\/?s={search_term_string}"},"query-input":"required name=search_term_string"}],"inLanguage":"sr-RS"}]}},"_links":{"self":[{"href":"https:\/\/www.rctkosovo.com\/sr\/wp-json\/wp\/v2\/pages\/772","targetHints":{"allow":["GET"]}}],"collection":[{"href":"https:\/\/www.rctkosovo.com\/sr\/wp-json\/wp\/v2\/pages"}],"about":[{"href":"https:\/\/www.rctkosovo.com\/sr\/wp-json\/wp\/v2\/types\/page"}],"author":[{"embeddable":true,"href":"https:\/\/www.rctkosovo.com\/sr\/wp-json\/wp\/v2\/users\/1"}],"replies":[{"embeddable":true,"href":"https:\/\/www.rctkosovo.com\/sr\/wp-json\/wp\/v2\/comments?post=772"}],"version-history":[{"count":6,"href":"https:\/\/www.rctkosovo.com\/sr\/wp-json\/wp\/v2\/pages\/772\/revisions"}],"predecessor-version":[{"id":1229,"href":"https:\/\/www.rctkosovo.com\/sr\/wp-json\/wp\/v2\/pages\/772\/revisions\/1229"}],"up":[{"embeddable":true,"href":"https:\/\/www.rctkosovo.com\/sr\/wp-json\/wp\/v2\/pages\/225"}],"wp:attachment":[{"href":"https:\/\/www.rctkosovo.com\/sr\/wp-json\/wp\/v2\/media?parent=772"}],"curies":[{"name":"wp","href":"https:\/\/api.w.org\/{rel}","templated":true}]}}